{"id":458,"date":"2016-06-24T14:20:35","date_gmt":"2016-06-24T14:20:35","guid":{"rendered":"http:\/\/komiza-betini.com\/hr\/?page_id=458"},"modified":"2017-02-12T17:16:17","modified_gmt":"2017-02-12T17:16:17","slug":"apartman-garbin","status":"publish","type":"page","link":"https:\/\/komiza-betini.com\/hr\/kuca-betini\/apartman-garbin\/","title":{"rendered":"Apartman Garbin"},"content":{"rendered":"<p>Studio apartman Garbin\u00a0smje\u0161ten je u prizemlju\u00a0i ugodan je smje\u0161taj za 2 osobe. Ima 30m<sup>2<\/sup> te se sastoji od potpuno opremljene kuhinje, kupaonice, te dnevne sobe opremljene s kau\u010dom na razvla\u010denje. Na izlazu iz apartmana nalazi se mali dio terase u hladovini koje pru\u017ea mir u svako doba dana. Apartman je tako\u0111er opremljen TV-om i klima ure\u0111ajem.<\/p>\n","protected":false},"excerpt":{"rendered":"<p>Studio apartman Garbin\u00a0smje\u0161ten je u prizemlju\u00a0i ugodan je smje\u0161taj za 2 osobe. Ima 30m2 te se sastoji od potpuno opremljene kuhinje, kupaonice, te dnevne sobe opremljene s kau\u010dom na razvla\u010denje. Na izlazu iz apartmana nalazi se mali dio terase u hladovini koje pru\u017ea mir u svako doba dana. Apartman je tako\u0111er opremljen TV-om i klima [&hellip;]<\/p>\n","protected":false},"author":1,"featured_media":0,"parent":90,"menu_order":0,"comment_status":"closed","ping_status":"closed","template":"","meta":{"footnotes":""},"class_list":["post-458","page","type-page","status-publish","hentry"],"_links":{"self":[{"href":"https:\/\/komiza-betini.com\/hr\/wp-json\/wp\/v2\/pages\/458","targetHints":{"allow":["GET"]}}],"collection":[{"href":"https:\/\/komiza-betini.com\/hr\/wp-json\/wp\/v2\/pages"}],"about":[{"href":"https:\/\/komiza-betini.com\/hr\/wp-json\/wp\/v2\/types\/page"}],"author":[{"embeddable":true,"href":"https:\/\/komiza-betini.com\/hr\/wp-json\/wp\/v2\/users\/1"}],"replies":[{"embeddable":true,"href":"https:\/\/komiza-betini.com\/hr\/wp-json\/wp\/v2\/comments?post=458"}],"version-history":[{"count":0,"href":"https:\/\/komiza-betini.com\/hr\/wp-json\/wp\/v2\/pages\/458\/revisions"}],"up":[{"embeddable":true,"href":"https:\/\/komiza-betini.com\/hr\/wp-json\/wp\/v2\/pages\/90"}],"wp:attachment":[{"href":"https:\/\/komiza-betini.com\/hr\/wp-json\/wp\/v2\/media?parent=458"}],"curies":[{"name":"wp","href":"https:\/\/api.w.org\/{rel}","templated":true}]}}