{"id":567,"date":"2018-11-29T15:45:14","date_gmt":"2018-11-29T15:45:14","guid":{"rendered":"https:\/\/komiza-betini.com\/?page_id=567"},"modified":"2018-11-29T15:45:14","modified_gmt":"2018-11-29T15:45:14","slug":"izjava-o-privatnosti","status":"publish","type":"page","link":"https:\/\/komiza-betini.com\/hr\/izjava-o-privatnosti\/","title":{"rendered":"Izjava o privatnosti"},"content":{"rendered":"<p>Ova pravila o privatnosti sastavljena su kako bi slu\u017eila onima koji su zabrinuti kako se njihovi osobni podaci koriste na Internetu. Osobni podaci, kako su definirani temeljem Zakona o za\u0161titi osobnih podataka, su podaci koji se mogu koristiti samostalno ili s drugim podacima za identifikaciju, kontakt ili pronala\u017eenje osobe, ili kako bi se identificiralo pojedinca. Molimo vas da pa\u017eljivo pro\u010ditate na\u0161a pravila o privatnosti kako biste jasno razumjeli kako \u0107emo prikupljati, koristiti, \u0161tititi ili na drugi na\u010din obra\u0111ivati va\u0161e osobne podatke na na\u0161oj web stranici.<\/p>\n<h6><strong>KOJE OSOBNE PODATKE SKUPLJAMO OD POSJETITELJA NA\u0160E WEB STRANICE?<\/strong><\/h6>\n<p>Prilikom prijave na newsletter (sustav za primanje obavijesti) pohranjujemo va\u0161u e-mail adresu, ime i prezime kojim ste se registrirali, a koje ne mora nu\u017eno odgovarati va\u0161em stvarnom imenu, IP adresu, s vremenom prijave i potvrde.<\/p>\n<p>Ne odgovaramo za krivo une\u0161ene podatke poput pogre\u0161ne e-mail adrese ili krivo une\u0161enog imena.<\/p>\n<h6><strong>KADA PRIKUPLJAMO PODATKE?<\/strong><\/h6>\n<p>Prikupljamo podatke prilikom prijave na newsletter.<\/p>\n<h6><strong>KAKO KORISTIMO VA\u0160E PODATKE?<\/strong><\/h6>\n<p>Va\u0161e podatke koje prikupljamo prilikom prijave na newsletter i pregleda stranica koristimo u slijede\u0107e svrhe:<\/p>\n<ul>\n<li>za dostavu servisnih informacija za koje ste se pretplatili<\/li>\n<li>za analitiku posjeta stranicama<\/li>\n<\/ul>\n<h6><strong>KAKO MO\u017dETE TRA\u017dITI BRISANJE VA\u0160IH PODATAKA?<\/strong><\/h6>\n<p>Na dnu primljene e-mail obavijesti postoji poveznica za odjavu ili po\u0161aljite e-mail poruku s adrese kojom ste registrirani u sustav na\u00a0email koji je naveden na dnu stranice, te zatra\u017eite brisanje.<\/p>\n<h6><strong>KAKO \u0160TITIMO PODATKE O POSJETITELJIMA?<\/strong><\/h6>\n<p>Na\u0161e web stranice su redovno nadzirane kako bi izbjegli sigurnosne propuste i poznate ranjivosti sustava kako bi vas posjet bio \u0161to sigurniji.<\/p>\n<p>Redovno koristimo\u00a0malware scanning\u00a0i sukladni smo s PCI-DSS standardom.<\/p>\n<p>Va\u0161i osobni podaci \u010duvaju se iza osigurane mre\u017ee te su isklju\u010divo dostupni samo ograni\u010denom broju osoba koje imaju posebna prava pristupa takvim sustavima, te su du\u017eni \u010duvati informacije tajnima.<\/p>\n<p>Svaka va\u0161a komunikacija prema na\u0161im stranicama osigurana je naprednim SSL certifikatom sa 256 bitnom enkripcijom.<\/p>\n<p>Va\u0161u sigurnost konekcije mo\u017eete provjeriti na\u00a0SSL Checkeru<\/p>\n<h6><strong>KORISTIMO LI &#8220;KOLA\u010cI\u0106E&#8221;?<\/strong><\/h6>\n<p>Da. Kola\u010di\u0107i su male datoteke koje stranica ili njegov davatelj usluga prenosi na tvrdi disk va\u0161eg ra\u010dunala putem web preglednika (ukoliko mu dopustite), a koji omogu\u0107uje sustavu stranice ili pru\u017eatelju usluga prepoznavanje va\u0161eg \u200b\u200bpreglednika, te zadr\u017ee i zapamte odre\u0111ene informacije. Oni se, tako\u0111er, koriste kako bi nam pomogli u razumijevanju va\u0161ih postavki temeljenih na prethodnoj ili trenutnoj aktivnosti na stranici, \u0161to nam omogu\u0107ava pru\u017eanje vama boljih usluga. Kola\u010di\u0107e, tako\u0111er, koristimo za pomo\u0107 pri prikupljanju sveobuhvatnih podataka o prometu na stranici i interakciji, a sve kako bismo mogli ponuditi bolje korisni\u010dko iskustvo i alate u budu\u0107nosti.<\/p>\n<p>Napomena: Na\u0161 sustav ne dozvoljava nikakvu indentifikaciju stvarnog korisnika kori\u0161tenjem kola\u010di\u0107a.<\/p>\n<p>Mi koristimo kola\u010di\u0107e za:<\/p>\n<ul>\n<li>razumijevanje i spremanje korisnikovih postavki u svrhu budu\u0107ih posjeta,<\/li>\n<li>prikupljanje sveobuhvatnih podataka o prometu i interakcijama na stranici kako bi ponudili bolje korisni\u010dko iskustvo i alate u budu\u0107nosti.<\/li>\n<\/ul>\n<p>Tako\u0111er mo\u017eemo koristiti usluge pouzdane tre\u0107e strane koji prate te podatke u na\u0161e potrebe.<br \/>\nMo\u017eete odabrati da vas va\u0161e ra\u010dunalo upozori svaki put kada je kola\u010di\u0107 poslan ili mo\u017eete izabrati da isklju\u010dite sve kola\u010di\u0107e. Mo\u017eete to u\u010diniti kroz postavke web preglednika (poput Internet Explorera). Svaki preglednik je malo druga\u010diji, pa pogledajte u izborniku &#8220;Pomo\u0107&#8221; va\u0161eg preglednika kako bi nau\u010dili ispravan na\u010din izmjene va\u0161ih kola\u010di\u0107a.<\/p>\n<p>Ako korisnik onemogu\u0107i kola\u010di\u0107e u svom pregledniku:<\/p>\n<p>Ako onemogu\u0107ite kola\u010di\u0107e, neke zna\u010dajke bit \u0107e onemogu\u0107ene. To \u0107e isklju\u010diti neke od zna\u010dajki koje \u010dine va\u0161e korisni\u010dko iskustvo na na\u0161im stranica u\u010dinkovitije i neke od na\u0161ih usluga ne\u0107e raditi ispravno.<\/p>\n<h6><strong>OBJAVA PREMA TRE\u0106IM STRANAMA<\/strong><\/h6>\n<p>Ne prodajemo, trgujemo ili na drugi na\u010din prenosimo vanjskim stranama va\u0161e osobne podatke.<\/p>\n<h6><strong>POVEZNICE TRE\u0106IH STRANA<\/strong><\/h6>\n<p>Povremeno, prema vlastitom naho\u0111enju, mo\u017eemo uklju\u010diti ili ponuditi informaciju ili uslugu tre\u0107e strane na na\u0161im stranicama. Stranice tre\u0107ih strana imaju odvojena i nezavisna pravila o privatnosti. Stoga nemamo odgovornost za sadr\u017eaj i aktivnosti na tim stranicama. Ipak, \u017eelimo za\u0161tititi integritet na\u0161e stranice i dobrodo\u0161le su bilo kakve povratne informacije o tim stranicama.<\/p>\n<h6><strong>GOOGLE ANALITIKA<\/strong><\/h6>\n<p>Zajedno s dobavlja\u010dima (tre\u0107om stranom), kao \u0161to je Google koristimo kola\u010di\u0107e te strane (kao \u0161to su Google Analytics kola\u010di\u0107i) kako bi se sastaviti podatke o korisnikovoj interakciji s funkcijama usluga na na\u0161im web stranicama.<\/p>\n<p>Pristajemo na sljede\u0107e:<\/p>\n<ul>\n<li>korisnici mogu posjetiti na\u0161u stranicu anonimno,<\/li>\n<li>nakon \u0161to smo izradili pravila o privatnosti, dodat \u0107emo poveznicu na njih na na\u0161oj po\u010detnoj stranici ili na prvoj zna\u010dajnoj stranici nakon ulaska na na\u0161e web stranice,<\/li>\n<li>na\u0161a poveznica na Izjavu o privatnosti uklju\u010duje rije\u010d &#8220;privatnost&#8221; i mo\u017ee se lako na\u0107i na gore navedenoj stranici.<\/li>\n<\/ul>\n<p>Korisnici \u0107e biti obavije\u0161teni o svim promjenama politike privatnosti na na\u0161oj stranici u Izjavi o privatnosti. Korisnici mogu promijeniti svoje osobne podatke putem e-maila, razgovora s nama ili slanjem upita.<\/p>\n<h6><strong>KAKO NA\u0160A STRANICA OBRA\u0110UJE SIGNALE KOJI SE NE SMIJU PRATITI?<\/strong><\/h6>\n<p>Po\u0161tujemo signale koji se ne smiju pratiti i ne pratimo, postavljamo kola\u010di\u0107e ili koristimo za ogla\u0161avanje kada je postavljen \u201eNe Prati\u201c (DNT) mehanizam preglednika.<\/p>\n<h6><strong>DOPU\u0160TAJU LI NA\u0160E STRANICE PRA\u0106ENJE PONA\u0160ANJA TRE\u0106E STRANE?<\/strong><\/h6>\n<p>Va\u017eno je napomenuti da dopu\u0161tamo pra\u0107enje pona\u0161anja tre\u0107e strane.<\/p>\n<h6><strong>ZA\u0160TITA OD SPAM-A<\/strong><\/h6>\n<p>Zakon o za\u0161titi osobnih podataka i Zakon o elektroni\u010dkim komunikacijama su zakoni koji odre\u0111uju pravila za komercijalnu e-po\u0161tu, uspostavljaju zahtjeve za komercijalne poruke, daje primatelju pravo da zaustavi primanje takvih e-mailova, i navode te\u0161ke kazne za prekr\u0161aje. Mi prikupljamo va\u0161u e-mail adresu radi:<\/p>\n<ul>\n<li>slanja informacija, odgovora na upite, i\/ ili bilo kakve zahtjeve ili pitanja,<\/li>\n<li>mo\u017eda \u0107emo vam slati dodatne informacije vezane uz na\u0161e poslovanje<\/li>\n<\/ul>\n<p>U skladu sa zakonskim propisima pristajemo na sljede\u0107e:<\/p>\n<ul>\n<li>ne\u0107emo koristiti la\u017ene ili obmanjuju\u0107e teme ili e-mail adrese,<\/li>\n<li>identificirati poruku kao oglas na neki prihvatljiv na\u010din,<\/li>\n<li>uklju\u010diti fizi\u010dku adresu na\u0161ih poslovnica ili sjedi\u0161ta,<\/li>\n<li>ispo\u0161tovati brzo zahtjeve za ne-uklju\u010divanje\/odjavu,<\/li>\n<li>dopustiti korisnicima odjavu pomo\u0107u poveznice na dnu svakog e-maila koji su prijavljeni na newsletter.<\/li>\n<\/ul>\n<h6><strong>KONTAKTIRAJTE NAS<\/strong><\/h6>\n<p>Ako postoje bilo kakva pitanja u vezi ove izjave o privatnosti mo\u017eete nam se obratiti koriste\u0107i podatke u nastavku:<\/p>\n","protected":false},"excerpt":{"rendered":"<p>Ova pravila o privatnosti sastavljena su kako bi slu\u017eila onima koji su zabrinuti kako se njihovi osobni podaci koriste na Internetu. Osobni podaci, kako su definirani temeljem Zakona o za\u0161titi osobnih podataka, su podaci koji se mogu koristiti samostalno ili s drugim podacima za identifikaciju, kontakt ili pronala\u017eenje osobe, ili kako bi se identificiralo pojedinca. [&hellip;]<\/p>\n","protected":false},"author":1,"featured_media":0,"parent":0,"menu_order":0,"comment_status":"closed","ping_status":"closed","template":"","meta":{"footnotes":""},"class_list":["post-567","page","type-page","status-publish","hentry"],"_links":{"self":[{"href":"https:\/\/komiza-betini.com\/hr\/wp-json\/wp\/v2\/pages\/567","targetHints":{"allow":["GET"]}}],"collection":[{"href":"https:\/\/komiza-betini.com\/hr\/wp-json\/wp\/v2\/pages"}],"about":[{"href":"https:\/\/komiza-betini.com\/hr\/wp-json\/wp\/v2\/types\/page"}],"author":[{"embeddable":true,"href":"https:\/\/komiza-betini.com\/hr\/wp-json\/wp\/v2\/users\/1"}],"replies":[{"embeddable":true,"href":"https:\/\/komiza-betini.com\/hr\/wp-json\/wp\/v2\/comments?post=567"}],"version-history":[{"count":0,"href":"https:\/\/komiza-betini.com\/hr\/wp-json\/wp\/v2\/pages\/567\/revisions"}],"wp:attachment":[{"href":"https:\/\/komiza-betini.com\/hr\/wp-json\/wp\/v2\/media?parent=567"}],"curies":[{"name":"wp","href":"https:\/\/api.w.org\/{rel}","templated":true}]}}