{"id":76,"date":"2015-10-21T20:12:45","date_gmt":"2015-10-21T20:12:45","guid":{"rendered":"http:\/\/komiza-betini.com\/hr\/?page_id=76"},"modified":"2015-11-27T20:20:55","modified_gmt":"2015-11-27T20:20:55","slug":"korisne-informacije","status":"publish","type":"page","link":"https:\/\/komiza-betini.com\/hr\/otok-vis\/korisne-informacije\/","title":{"rendered":"Korisne informacije"},"content":{"rendered":"<p>Najbli\u017ei du\u0107an, banka, po\u0161ta i lije\u010dnik nalaze se u Komi\u017ei, \u0161to \u010d<span class=\"il\">ini<\/span> na\u0161e goste ovisne o prijevoznom sredstvu, za koje imaju osigurano parkirno mjesto ispred ku\u0107e. Motocikl i automobil mogu\u0107e je iznajmiti u trajektnoj luci u Visu.<\/p>\n","protected":false},"excerpt":{"rendered":"<p>Najbli\u017ei du\u0107an, banka, po\u0161ta i lije\u010dnik nalaze se u Komi\u017ei, \u0161to \u010dini na\u0161e goste ovisne o prijevoznom sredstvu, za koje imaju osigurano parkirno mjesto ispred ku\u0107e. Motocikl i automobil mogu\u0107e je iznajmiti u trajektnoj luci u Visu.<\/p>\n","protected":false},"author":1,"featured_media":0,"parent":74,"menu_order":0,"comment_status":"closed","ping_status":"closed","template":"","meta":{"footnotes":""},"class_list":["post-76","page","type-page","status-publish","hentry"],"_links":{"self":[{"href":"https:\/\/komiza-betini.com\/hr\/wp-json\/wp\/v2\/pages\/76","targetHints":{"allow":["GET"]}}],"collection":[{"href":"https:\/\/komiza-betini.com\/hr\/wp-json\/wp\/v2\/pages"}],"about":[{"href":"https:\/\/komiza-betini.com\/hr\/wp-json\/wp\/v2\/types\/page"}],"author":[{"embeddable":true,"href":"https:\/\/komiza-betini.com\/hr\/wp-json\/wp\/v2\/users\/1"}],"replies":[{"embeddable":true,"href":"https:\/\/komiza-betini.com\/hr\/wp-json\/wp\/v2\/comments?post=76"}],"version-history":[{"count":0,"href":"https:\/\/komiza-betini.com\/hr\/wp-json\/wp\/v2\/pages\/76\/revisions"}],"up":[{"embeddable":true,"href":"https:\/\/komiza-betini.com\/hr\/wp-json\/wp\/v2\/pages\/74"}],"wp:attachment":[{"href":"https:\/\/komiza-betini.com\/hr\/wp-json\/wp\/v2\/media?parent=76"}],"curies":[{"name":"wp","href":"https:\/\/api.w.org\/{rel}","templated":true}]}}