{"id":77,"date":"2015-10-21T20:12:57","date_gmt":"2015-10-21T20:12:57","guid":{"rendered":"http:\/\/komiza-betini.com\/hr\/?page_id=77"},"modified":"2015-11-27T20:23:06","modified_gmt":"2015-11-27T20:23:06","slug":"titova-spilja","status":"publish","type":"page","link":"https:\/\/komiza-betini.com\/hr\/otok-vis\/titova-spilja\/","title":{"rendered":"Titova \u0161pilja"},"content":{"rendered":"<p>Neposredno ispod Huma nalazi se znamenita Titova \u0161pilja koja se sastoji od dvije male \u0161pilje djelomi\u010dno zazidanih ulaza u kojima tajno boravio Josip Broz i partizansko vodstvo za vrijeme Drugog svjetskog rata (1944. godine). Do \u0161pilja vodi pristupa\u010dan put koji broji 275 stepenica. \u0160pilje se mogu razgledavati bez rasvjete.<\/p>\n","protected":false},"excerpt":{"rendered":"<p>Neposredno ispod Huma nalazi se znamenita Titova \u0161pilja koja se sastoji od dvije male \u0161pilje djelomi\u010dno zazidanih ulaza u kojima tajno boravio Josip Broz i partizansko vodstvo za vrijeme Drugog svjetskog rata (1944. godine). Do \u0161pilja vodi pristupa\u010dan put koji broji 275 stepenica. \u0160pilje se mogu razgledavati bez rasvjete.<\/p>\n","protected":false},"author":1,"featured_media":0,"parent":74,"menu_order":0,"comment_status":"closed","ping_status":"closed","template":"","meta":{"footnotes":""},"class_list":["post-77","page","type-page","status-publish","hentry"],"_links":{"self":[{"href":"https:\/\/komiza-betini.com\/hr\/wp-json\/wp\/v2\/pages\/77","targetHints":{"allow":["GET"]}}],"collection":[{"href":"https:\/\/komiza-betini.com\/hr\/wp-json\/wp\/v2\/pages"}],"about":[{"href":"https:\/\/komiza-betini.com\/hr\/wp-json\/wp\/v2\/types\/page"}],"author":[{"embeddable":true,"href":"https:\/\/komiza-betini.com\/hr\/wp-json\/wp\/v2\/users\/1"}],"replies":[{"embeddable":true,"href":"https:\/\/komiza-betini.com\/hr\/wp-json\/wp\/v2\/comments?post=77"}],"version-history":[{"count":0,"href":"https:\/\/komiza-betini.com\/hr\/wp-json\/wp\/v2\/pages\/77\/revisions"}],"up":[{"embeddable":true,"href":"https:\/\/komiza-betini.com\/hr\/wp-json\/wp\/v2\/pages\/74"}],"wp:attachment":[{"href":"https:\/\/komiza-betini.com\/hr\/wp-json\/wp\/v2\/media?parent=77"}],"curies":[{"name":"wp","href":"https:\/\/api.w.org\/{rel}","templated":true}]}}