{"id":78,"date":"2015-10-21T20:13:08","date_gmt":"2015-10-21T20:13:08","guid":{"rendered":"http:\/\/komiza-betini.com\/hr\/?page_id=78"},"modified":"2015-11-27T20:21:36","modified_gmt":"2015-11-27T20:21:36","slug":"plaze-u-blizini","status":"publish","type":"page","link":"https:\/\/komiza-betini.com\/hr\/otok-vis\/plaze-u-blizini\/","title":{"rendered":"Pla\u017ee u blizini"},"content":{"rendered":"<p>Pla\u017eama i nevjerojatno \u010distom moru u Komi\u017ei malo tko mo\u017ee odoljeti, ali u blizini Podhumlja nalaze se pla\u017ee koje nikako ne treba zaobi\u0107i.<\/p>\n<p>Pla\u017ea Srebrna jedna je od najljep\u0161ih i najposje\u0107enijih pla\u017ea na otoku. Poznata je po bijelim oblutcima koji imaju izraziti srebrni sjaj na mjese\u010dini, te je po tome i dobila ime.<\/p>\n<p>Mala Travna uvala je na ju\u017enoj strani otoka do koje se mo\u017ee do\u0107i makadamskim putem iz sela Marinje zemlje. Uz prekrasnu pla\u017eu nalazi se ugostiteljski objekt, zbog \u010dega je stvorena za cjelodnevni izlet.<\/p>\n<p>Stiniva, uvala jedinstvenog izgleda, najpopularnija je destinacija otoka Visa. Nalazi se zapadno od Male travne, tako\u0111er na ju\u017enoj strani otoka. Prepoznatljiva je i unikatna po dvije visoke kamene litice koje je zatvaraju. Do Stinive se mo\u017ee do\u0107i iz zaseoka \u017du\u017eeca, strmim kozjim putem, \u0161to mo\u017ee potrajati ne\u0161to vi\u0161e od 20 minuta.<\/p>\n<p>Nedaleko od centra, prema zapadnoj strani Komi\u017ee nalazi se \u0161ljun\u010dana gradska\u00a0 pla\u017ea Gusarica. Gostima je privla\u010dna zbog dodatnih sadr\u017eaja koji se nalaze u njenom okru\u017eenju.<\/p>\n<p>Osim Gusarice, na najju\u017enijem dijelu Komi\u017ee smje\u0161tena je jedina pla\u017ea vulkanskog porijekla na Jadranu. Na popularnoj pla\u017ei Kamenice nalazi se caffe bar, koji se nave\u010der pretvara u no\u0107ni bar.<\/p>\n","protected":false},"excerpt":{"rendered":"<p>Pla\u017eama i nevjerojatno \u010distom moru u Komi\u017ei malo tko mo\u017ee odoljeti, ali u blizini Podhumlja nalaze se pla\u017ee koje nikako ne treba zaobi\u0107i. Pla\u017ea Srebrna jedna je od najljep\u0161ih i najposje\u0107enijih pla\u017ea na otoku. Poznata je po bijelim oblutcima koji imaju izraziti srebrni sjaj na mjese\u010dini, te je po tome i dobila ime. Mala Travna [&hellip;]<\/p>\n","protected":false},"author":1,"featured_media":0,"parent":74,"menu_order":0,"comment_status":"closed","ping_status":"closed","template":"","meta":{"footnotes":""},"class_list":["post-78","page","type-page","status-publish","hentry"],"_links":{"self":[{"href":"https:\/\/komiza-betini.com\/hr\/wp-json\/wp\/v2\/pages\/78","targetHints":{"allow":["GET"]}}],"collection":[{"href":"https:\/\/komiza-betini.com\/hr\/wp-json\/wp\/v2\/pages"}],"about":[{"href":"https:\/\/komiza-betini.com\/hr\/wp-json\/wp\/v2\/types\/page"}],"author":[{"embeddable":true,"href":"https:\/\/komiza-betini.com\/hr\/wp-json\/wp\/v2\/users\/1"}],"replies":[{"embeddable":true,"href":"https:\/\/komiza-betini.com\/hr\/wp-json\/wp\/v2\/comments?post=78"}],"version-history":[{"count":0,"href":"https:\/\/komiza-betini.com\/hr\/wp-json\/wp\/v2\/pages\/78\/revisions"}],"up":[{"embeddable":true,"href":"https:\/\/komiza-betini.com\/hr\/wp-json\/wp\/v2\/pages\/74"}],"wp:attachment":[{"href":"https:\/\/komiza-betini.com\/hr\/wp-json\/wp\/v2\/media?parent=78"}],"curies":[{"name":"wp","href":"https:\/\/api.w.org\/{rel}","templated":true}]}}