{"id":79,"date":"2015-10-21T20:13:18","date_gmt":"2015-10-21T20:13:18","guid":{"rendered":"http:\/\/komiza-betini.com\/hr\/?page_id=79"},"modified":"2015-11-27T20:19:24","modified_gmt":"2015-11-27T20:19:24","slug":"brdo-hum","status":"publish","type":"page","link":"https:\/\/komiza-betini.com\/hr\/otok-vis\/brdo-hum\/","title":{"rendered":"Brdo Hum"},"content":{"rendered":"<p>Iznad Podhumlja nalazi se najvi\u0161i vrh otoka Visa &#8211; Hum (587 m nadmorske visine). Sam vrh nije dostupan, ali postoji vidikovac oko kapelice Sv. Duha s kojeg se vidi Komi\u017ea, na pu\u010d<span class=\"il\">ini<\/span> otok Bi\u0161evo (poznat po Modroj \u0161pilji) te za vrijeme bistrog vremena, 70 km udaljen vulkanski oto\u010di\u0107 Jabuka. Do vidikovca se mo\u017ee do\u0107i asfaltiranom cestom.<\/p>\n","protected":false},"excerpt":{"rendered":"<p>Iznad Podhumlja nalazi se najvi\u0161i vrh otoka Visa &#8211; Hum (587 m nadmorske visine). Sam vrh nije dostupan, ali postoji vidikovac oko kapelice Sv. Duha s kojeg se vidi Komi\u017ea, na pu\u010dini otok Bi\u0161evo (poznat po Modroj \u0161pilji) te za vrijeme bistrog vremena, 70 km udaljen vulkanski oto\u010di\u0107 Jabuka. Do vidikovca se mo\u017ee do\u0107i asfaltiranom [&hellip;]<\/p>\n","protected":false},"author":1,"featured_media":0,"parent":74,"menu_order":0,"comment_status":"closed","ping_status":"closed","template":"","meta":{"footnotes":""},"class_list":["post-79","page","type-page","status-publish","hentry"],"_links":{"self":[{"href":"https:\/\/komiza-betini.com\/hr\/wp-json\/wp\/v2\/pages\/79","targetHints":{"allow":["GET"]}}],"collection":[{"href":"https:\/\/komiza-betini.com\/hr\/wp-json\/wp\/v2\/pages"}],"about":[{"href":"https:\/\/komiza-betini.com\/hr\/wp-json\/wp\/v2\/types\/page"}],"author":[{"embeddable":true,"href":"https:\/\/komiza-betini.com\/hr\/wp-json\/wp\/v2\/users\/1"}],"replies":[{"embeddable":true,"href":"https:\/\/komiza-betini.com\/hr\/wp-json\/wp\/v2\/comments?post=79"}],"version-history":[{"count":0,"href":"https:\/\/komiza-betini.com\/hr\/wp-json\/wp\/v2\/pages\/79\/revisions"}],"up":[{"embeddable":true,"href":"https:\/\/komiza-betini.com\/hr\/wp-json\/wp\/v2\/pages\/74"}],"wp:attachment":[{"href":"https:\/\/komiza-betini.com\/hr\/wp-json\/wp\/v2\/media?parent=79"}],"curies":[{"name":"wp","href":"https:\/\/api.w.org\/{rel}","templated":true}]}}