{"id":80,"date":"2015-10-21T20:13:25","date_gmt":"2015-10-21T20:13:25","guid":{"rendered":"http:\/\/komiza-betini.com\/hr\/?page_id=80"},"modified":"2015-11-27T20:19:55","modified_gmt":"2015-11-27T20:19:55","slug":"gastronomija","status":"publish","type":"page","link":"https:\/\/komiza-betini.com\/hr\/otok-vis\/gastronomija\/","title":{"rendered":"Gastronomija"},"content":{"rendered":"<p>Ako ste \u017eeljni doma\u0107e hrane ne morate i\u0107i skroz do Komi\u017ee. U blizini Podhumlja, u naseljima \u017dena glava, Pod\u0161pilje i Dra\u010devo polje mo\u017eete ku\u0161ati stare vi\u0161ke recepte i doma\u0107e specijalitete u nekoliko seoskih doma\u0107instava. Za sve vinoljupce i one koji do sada nisu imali priliku probati Vi\u0161ku vugavu ili Mali plavac, na svakom koraku imaju tu mogu\u0107nost u ku\u0161aonama doma\u0107eg vina.<\/p>\n","protected":false},"excerpt":{"rendered":"<p>Ako ste \u017eeljni doma\u0107e hrane ne morate i\u0107i skroz do Komi\u017ee. U blizini Podhumlja, u naseljima \u017dena glava, Pod\u0161pilje i Dra\u010devo polje mo\u017eete ku\u0161ati stare vi\u0161ke recepte i doma\u0107e specijalitete u nekoliko seoskih doma\u0107instava. Za sve vinoljupce i one koji do sada nisu imali priliku probati Vi\u0161ku vugavu ili Mali plavac, na svakom koraku imaju [&hellip;]<\/p>\n","protected":false},"author":1,"featured_media":0,"parent":74,"menu_order":0,"comment_status":"closed","ping_status":"closed","template":"","meta":{"footnotes":""},"class_list":["post-80","page","type-page","status-publish","hentry"],"_links":{"self":[{"href":"https:\/\/komiza-betini.com\/hr\/wp-json\/wp\/v2\/pages\/80","targetHints":{"allow":["GET"]}}],"collection":[{"href":"https:\/\/komiza-betini.com\/hr\/wp-json\/wp\/v2\/pages"}],"about":[{"href":"https:\/\/komiza-betini.com\/hr\/wp-json\/wp\/v2\/types\/page"}],"author":[{"embeddable":true,"href":"https:\/\/komiza-betini.com\/hr\/wp-json\/wp\/v2\/users\/1"}],"replies":[{"embeddable":true,"href":"https:\/\/komiza-betini.com\/hr\/wp-json\/wp\/v2\/comments?post=80"}],"version-history":[{"count":0,"href":"https:\/\/komiza-betini.com\/hr\/wp-json\/wp\/v2\/pages\/80\/revisions"}],"up":[{"embeddable":true,"href":"https:\/\/komiza-betini.com\/hr\/wp-json\/wp\/v2\/pages\/74"}],"wp:attachment":[{"href":"https:\/\/komiza-betini.com\/hr\/wp-json\/wp\/v2\/media?parent=80"}],"curies":[{"name":"wp","href":"https:\/\/api.w.org\/{rel}","templated":true}]}}