{"id":528,"date":"2017-09-23T16:26:29","date_gmt":"2017-09-23T16:26:29","guid":{"rendered":"https:\/\/komiza-betini.com\/?page_id=528"},"modified":"2017-09-23T16:26:29","modified_gmt":"2017-09-23T16:26:29","slug":"apartman-levant","status":"publish","type":"page","link":"https:\/\/komiza-betini.com\/it\/apartman-levant\/","title":{"rendered":"Apartman Levant"},"content":{"rendered":"<p>Apartman\u00a0Levant\u00a0ima 47m<sup>2<\/sup> i nalazi se na novoure\u0111enom katu ku\u0107e te nudi komotan smje\u0161taj za 3-4 osobe. Sastoji se od potpuno opremljene kuhinje, blagavaonice s kau\u010dom na razvla\u010denje, spava\u0107e sobe s bra\u010dnim krevetom i kupaonicom, te terase koja pru\u017ea popodnevnu idilu. Pogled je oboga\u0107en \u0161irokim spektrom boja prirodnih ljepota, te se\u017ee do otoka Su\u0161ca i Lastova. Apartman je opremljen TV-om i klima ure\u0111ajem.<\/p>\n","protected":false},"excerpt":{"rendered":"<p>Apartman\u00a0Levant\u00a0ima 47m2 i nalazi se na novoure\u0111enom katu ku\u0107e te nudi komotan smje\u0161taj za 3-4 osobe. Sastoji se od potpuno opremljene kuhinje, blagavaonice s kau\u010dom na razvla\u010denje, spava\u0107e sobe s bra\u010dnim krevetom i kupaonicom, te terase koja pru\u017ea popodnevnu idilu. Pogled je oboga\u0107en \u0161irokim spektrom boja prirodnih ljepota, te se\u017ee do otoka Su\u0161ca i Lastova. [&hellip;]<\/p>\n","protected":false},"author":1,"featured_media":0,"parent":0,"menu_order":0,"comment_status":"open","ping_status":"closed","template":"","meta":{"footnotes":""},"class_list":["post-528","page","type-page","status-publish","hentry"],"_links":{"self":[{"href":"https:\/\/komiza-betini.com\/it\/wp-json\/wp\/v2\/pages\/528","targetHints":{"allow":["GET"]}}],"collection":[{"href":"https:\/\/komiza-betini.com\/it\/wp-json\/wp\/v2\/pages"}],"about":[{"href":"https:\/\/komiza-betini.com\/it\/wp-json\/wp\/v2\/types\/page"}],"author":[{"embeddable":true,"href":"https:\/\/komiza-betini.com\/it\/wp-json\/wp\/v2\/users\/1"}],"replies":[{"embeddable":true,"href":"https:\/\/komiza-betini.com\/it\/wp-json\/wp\/v2\/comments?post=528"}],"version-history":[{"count":0,"href":"https:\/\/komiza-betini.com\/it\/wp-json\/wp\/v2\/pages\/528\/revisions"}],"wp:attachment":[{"href":"https:\/\/komiza-betini.com\/it\/wp-json\/wp\/v2\/media?parent=528"}],"curies":[{"name":"wp","href":"https:\/\/api.w.org\/{rel}","templated":true}]}}