{"id":529,"date":"2017-09-23T16:26:50","date_gmt":"2017-09-23T16:26:50","guid":{"rendered":"https:\/\/komiza-betini.com\/?page_id=529"},"modified":"2017-09-23T16:26:50","modified_gmt":"2017-09-23T16:26:50","slug":"apartman-tramontana","status":"publish","type":"page","link":"https:\/\/komiza-betini.com\/it\/apartman-tramontana\/","title":{"rendered":"Apartman Tramontana"},"content":{"rendered":"<p>Studio apartman Tramontana\u00a0smje\u0161ten je na katu ku\u0107e i ugodan je smje\u0161taj za 2-3 osobe. Ima 27m<sup>2<\/sup> te se sastoji od potpuno opremljene kuhinje, kupaonice, te dnevne sobe opremljene s kau\u010dom na razvla\u010denje i pomo\u0107nim le\u017eajem. Pogled kroz prozor se\u017ee preko polja i starih dalmatinskih ku\u0107a do tajanstvene to\u010dke u kojoj se spajaju nebo i more. Na izlazu iz apartmana nalazi se mali dio terase u hladovini koje pru\u017ea mir u svako doba dana. Apartman je tako\u0111er opremljen TV-om i klima ure\u0111ajem.<\/p>\n","protected":false},"excerpt":{"rendered":"<p>Studio apartman Tramontana\u00a0smje\u0161ten je na katu ku\u0107e i ugodan je smje\u0161taj za 2-3 osobe. Ima 27m2 te se sastoji od potpuno opremljene kuhinje, kupaonice, te dnevne sobe opremljene s kau\u010dom na razvla\u010denje i pomo\u0107nim le\u017eajem. Pogled kroz prozor se\u017ee preko polja i starih dalmatinskih ku\u0107a do tajanstvene to\u010dke u kojoj se spajaju nebo i more. [&hellip;]<\/p>\n","protected":false},"author":1,"featured_media":0,"parent":0,"menu_order":0,"comment_status":"open","ping_status":"closed","template":"","meta":{"footnotes":""},"class_list":["post-529","page","type-page","status-publish","hentry"],"_links":{"self":[{"href":"https:\/\/komiza-betini.com\/it\/wp-json\/wp\/v2\/pages\/529","targetHints":{"allow":["GET"]}}],"collection":[{"href":"https:\/\/komiza-betini.com\/it\/wp-json\/wp\/v2\/pages"}],"about":[{"href":"https:\/\/komiza-betini.com\/it\/wp-json\/wp\/v2\/types\/page"}],"author":[{"embeddable":true,"href":"https:\/\/komiza-betini.com\/it\/wp-json\/wp\/v2\/users\/1"}],"replies":[{"embeddable":true,"href":"https:\/\/komiza-betini.com\/it\/wp-json\/wp\/v2\/comments?post=529"}],"version-history":[{"count":0,"href":"https:\/\/komiza-betini.com\/it\/wp-json\/wp\/v2\/pages\/529\/revisions"}],"wp:attachment":[{"href":"https:\/\/komiza-betini.com\/it\/wp-json\/wp\/v2\/media?parent=529"}],"curies":[{"name":"wp","href":"https:\/\/api.w.org\/{rel}","templated":true}]}}